{"id":4245,"date":"2024-03-21T15:30:44","date_gmt":"2024-03-21T14:30:44","guid":{"rendered":"https:\/\/www.hpos.domino-dizajn.hr\/?page_id=4245"},"modified":"2025-04-30T15:15:23","modified_gmt":"2025-04-30T13:15:23","slug":"zenska-reprezentacija","status":"publish","type":"page","link":"https:\/\/www.hpos.domino-dizajn.hr\/en\/zenska-reprezentacija\/","title":{"rendered":"\u017denska reprezentacija"},"content":{"rendered":"<div data-elementor-type=\"wp-page\" data-elementor-id=\"4245\" class=\"elementor elementor-4245\" data-elementor-post-type=\"page\">\n\t\t\t\t<div class=\"has_eae_slider elementor-element elementor-element-227d3e23 e-con-full e-flex e-con e-parent\" data-id=\"227d3e23\" data-element_type=\"container\" data-settings=\"{&quot;background_background&quot;:&quot;classic&quot;}\">\n\t\t\t\t<div class=\"elementor-element elementor-element-277bb2f7 elementor-widget elementor-widget-heading\" data-id=\"277bb2f7\" data-element_type=\"widget\" data-widget_type=\"heading.default\">\n\t\t\t\t<div class=\"elementor-widget-container\">\n\t\t\t\t\t<h2 class=\"elementor-heading-title elementor-size-default\">Hrvatska \u017eenska paraodbojka\u0161ka reprezentacija<\/h2>\t\t\t\t<\/div>\n\t\t\t\t<\/div>\n\t\t\t\t<div class=\"elementor-element elementor-element-af54800 elementor-widget elementor-widget-heading\" data-id=\"af54800\" data-element_type=\"widget\" data-widget_type=\"heading.default\">\n\t\t\t\t<div class=\"elementor-widget-container\">\n\t\t\t\t\t<h2 class=\"elementor-heading-title elementor-size-default\">Kralja Dr\u017eislava 6, 10000 Zagreb<\/h2>\t\t\t\t<\/div>\n\t\t\t\t<\/div>\n\t\t\t\t<\/div>\n\t\t\t\t<section class=\"has_eae_slider elementor-section elementor-top-section elementor-element elementor-element-34b709e5 elementor-section-boxed elementor-section-height-default elementor-section-height-default\" data-id=\"34b709e5\" data-element_type=\"section\" data-settings=\"{&quot;background_background&quot;:&quot;classic&quot;}\">\n\t\t\t\t\t\t\t<div class=\"elementor-background-overlay\"><\/div>\n\t\t\t\t\t\t\t<div class=\"elementor-container elementor-column-gap-no\">\n\t\t\t\t\t<div class=\"has_eae_slider elementor-column elementor-col-50 elementor-top-column elementor-element elementor-element-36ed7f04\" data-id=\"36ed7f04\" data-element_type=\"column\">\n\t\t\t<div class=\"elementor-widget-wrap elementor-element-populated\">\n\t\t\t\t\t\t<div class=\"elementor-element elementor-element-742c5a5d elementor-widget elementor-widget-spoclub_elementor_heading\" data-id=\"742c5a5d\" data-element_type=\"widget\" data-widget_type=\"spoclub_elementor_heading.default\">\n\t\t\t\t<div class=\"elementor-widget-container\">\n\t\t\t\t\t\r\n\t\t<div class=\"ova-title\">\r\n\r\n\t\t\t\t\t\t\t\r\n\t\t\t\t<h3 class=\"sub-title\">NA\u0160A REPKA<\/h3>\r\n\t\t\t\r\n\t\t\t\r\n\t\t\t\r\n\t\t\t\t\t\r\n\t\t\t\t\t\t\t<h2 class=\"title\">Hrvatska \u017eenska paraodbojka\u0161ka reprezentacija<\/h2>\r\n\r\n\t\t\t\t\t\r\n\t\t\t\r\n\t\t\t\t\t\t\t<div class=\"line-box\">\r\n\t\t\t\t\t<div class=\"line-top\"><\/div>\r\n\t\t\t\t<\/div>\r\n\t\t\t\t\r\n\t\t\t\r\n\t\t<\/div>\r\n\r\n\t\t\t\t\t\t<\/div>\n\t\t\t\t<\/div>\n\t\t\t\t<div class=\"elementor-element elementor-element-59071e06 elementor-widget elementor-widget-heading\" data-id=\"59071e06\" data-element_type=\"widget\" data-widget_type=\"heading.default\">\n\t\t\t\t<div class=\"elementor-widget-container\">\n\t\t\t\t\t<h2 class=\"elementor-heading-title elementor-size-default\">Sve za nju, moju Hrvatsku!<\/h2>\t\t\t\t<\/div>\n\t\t\t\t<\/div>\n\t\t\t\t<div class=\"elementor-element elementor-element-79c38368 elementor-widget elementor-widget-text-editor\" data-id=\"79c38368\" data-element_type=\"widget\" data-widget_type=\"text-editor.default\">\n\t\t\t\t<div class=\"elementor-widget-container\">\n\t\t\t\t\t\t\t\t\t<p><b>Kratka povijest<\/b><\/p><p>Vivamus elementum semper nisi. Nullam cursus lacinia erat. Vestibulum purus quam, scelerisque ut, mollis sed, nonummy id, metus. Curabitur at lacus ac velit ornare lobortis. Phasellus dolor.<\/p><p>Vivamus euismod mauris. Cras id dui. Maecenas vestibulum mollis diam. Quisque libero metus, condimentum nec, tempor a, commodo mollis, magna. Phasellus nec sem in justo pellentesque facilisis.<\/p><p>In hac habitasse platea dictumst. Pellentesque ut neque. Vestibulum turpis sem, aliquet eget, lobortis pellentesque, rutrum eu, nisl. Vestibulum ante ipsum primis in faucibus orci luctus et ultrices posuere cubilia Curae; Fusce id purus. Pellentesque commodo eros a enim.<\/p><p>Phasellus viverra nulla ut metus varius laoreet. Donec id justo. Pellentesque habitant morbi tristique senectus et netus et malesuada fames ac turpis egestas. Nam at tortor in tellus interdum sagittis. Sed libero.<\/p><p>Sed a libero. In ac felis quis tortor malesuada pretium. Fusce ac felis sit amet ligula pharetra condimentum. Vestibulum purus quam, scelerisque ut, mollis sed, nonummy id, metus. Integer ante arcu, accumsan a, consectetuer eget, posuere ut, mauris.<\/p>\t\t\t\t\t\t\t\t<\/div>\n\t\t\t\t<\/div>\n\t\t\t\t\t<\/div>\n\t\t<\/div>\n\t\t\t\t<div class=\"has_eae_slider elementor-column elementor-col-50 elementor-top-column elementor-element elementor-element-70db01d6\" data-id=\"70db01d6\" data-element_type=\"column\">\n\t\t\t<div class=\"elementor-widget-wrap elementor-element-populated\">\n\t\t\t\t\t\t<div class=\"elementor-element elementor-element-752959b9 elementor-widget elementor-widget-image\" data-id=\"752959b9\" data-element_type=\"widget\" data-widget_type=\"image.default\">\n\t\t\t\t<div class=\"elementor-widget-container\">\n\t\t\t\t\t\t\t\t\t\t\t\t\t\t\t<img decoding=\"async\" width=\"225\" height=\"217\" src=\"https:\/\/www.hpos.domino-dizajn.hr\/wp-content\/uploads\/2024\/03\/Hrvatska_odbojkaska_udruga.svg.png\" class=\"attachment-large size-large wp-image-4237\" alt=\"\" srcset=\"https:\/\/www.hpos.domino-dizajn.hr\/wp-content\/uploads\/2024\/03\/Hrvatska_odbojkaska_udruga.svg.png 225w, https:\/\/www.hpos.domino-dizajn.hr\/wp-content\/uploads\/2024\/03\/Hrvatska_odbojkaska_udruga.svg-12x12.png 12w, https:\/\/www.hpos.domino-dizajn.hr\/wp-content\/uploads\/2024\/03\/Hrvatska_odbojkaska_udruga.svg-128x123.png 128w, https:\/\/www.hpos.domino-dizajn.hr\/wp-content\/uploads\/2024\/03\/Hrvatska_odbojkaska_udruga.svg-32x32.png 32w\" sizes=\"(max-width: 225px) 100vw, 225px\" \/>\t\t\t\t\t\t\t\t\t\t\t\t\t\t\t<\/div>\n\t\t\t\t<\/div>\n\t\t\t\t\t<\/div>\n\t\t<\/div>\n\t\t\t\t\t<\/div>\n\t\t<\/section>\n\t\t\t\t<section class=\"has_eae_slider elementor-section elementor-top-section elementor-element elementor-element-c199a11 elementor-section-full_width elementor-section-height-default elementor-section-height-default\" data-id=\"c199a11\" data-element_type=\"section\" data-settings=\"{&quot;background_background&quot;:&quot;classic&quot;}\">\n\t\t\t\t\t\t<div class=\"elementor-container elementor-column-gap-no\">\n\t\t\t\t\t<div class=\"has_eae_slider elementor-column elementor-col-100 elementor-top-column elementor-element elementor-element-bc88fa7\" data-id=\"bc88fa7\" data-element_type=\"column\">\n\t\t\t<div class=\"elementor-widget-wrap elementor-element-populated\">\n\t\t\t\t\t\t<section class=\"has_eae_slider elementor-section elementor-inner-section elementor-element elementor-element-66ae003 elementor-section-boxed elementor-section-height-default elementor-section-height-default\" data-id=\"66ae003\" data-element_type=\"section\" data-settings=\"{&quot;background_background&quot;:&quot;classic&quot;}\">\n\t\t\t\t\t\t<div class=\"elementor-container elementor-column-gap-no\">\n\t\t\t\t\t<div class=\"has_eae_slider elementor-column elementor-col-50 elementor-inner-column elementor-element elementor-element-7c14274\" data-id=\"7c14274\" data-element_type=\"column\">\n\t\t\t<div class=\"elementor-widget-wrap elementor-element-populated\">\n\t\t\t\t\t\t<div class=\"elementor-element elementor-element-ab73756 elementor-widget elementor-widget-spoclub_elementor_contact_info\" data-id=\"ab73756\" data-element_type=\"widget\" data-widget_type=\"spoclub_elementor_contact_info.default\">\n\t\t\t\t<div class=\"elementor-widget-container\">\n\t\t\t\t\t\r\n\t\t\t<div class=\"ova-contact-info template2\">\r\n\r\n\t\t\t\t\t\t\t\t\t<div class=\"icon\">\r\n\t\t\t\t\t\t<i aria-hidden=\"true\" class=\"ovaicon ovaicon-phone-call\"><\/i>\t\t\t\t\t<\/div>\t\r\n\t\t\t\t\r\n\t\t\t\t<div class=\"contact\">\r\n\t\t\t\t\t\t\t\t\t\t\t<div class=\"label\">\r\n\t\t\t\t\t\t\tTelefon\t\t\t\t\t\t<\/div>\r\n\t\t\t\t\t\r\n\t\t\t\t\t<ul class=\"info\">\r\n\t\t\t\t\t\t\t\t\t\t\t\t\t<li class=\"item\">\r\n\t\t\t\t\t\t\t\t\t\t\t\t\t\t\t\t\t\t\t\r\n\t\t\t\t\t\t\t\t\t\t\t<a href=\"tel:+38515810241\">\r\n\t\t\t\t\t\t\t\t\t\t\t\t+385 1 581 0241\t\t\t\t\t\t\t\t\t\t\t<\/a>\r\n\t\t\t\t\t\t\t\t\t\t\t\t\t\t\t\t\t<\/li>\r\n\t\t\t\t\t\t\t\t\t\t\t<\/ul>\r\n\t\t\t\t<\/div>\r\n\t\t\t<\/div>\r\n\t\t\t\t\t\t<\/div>\n\t\t\t\t<\/div>\n\t\t\t\t<div class=\"elementor-element elementor-element-22ee95e elementor-widget elementor-widget-spoclub_elementor_contact_info\" data-id=\"22ee95e\" data-element_type=\"widget\" data-widget_type=\"spoclub_elementor_contact_info.default\">\n\t\t\t\t<div class=\"elementor-widget-container\">\n\t\t\t\t\t\r\n\t\t\t<div class=\"ova-contact-info template2\">\r\n\r\n\t\t\t\t\t\t\t\t\t<div class=\"icon\">\r\n\t\t\t\t\t\t<i aria-hidden=\"true\" class=\"ovaicon ovaicon-phone-receiver\"><\/i>\t\t\t\t\t<\/div>\t\r\n\t\t\t\t\r\n\t\t\t\t<div class=\"contact\">\r\n\t\t\t\t\t\t\t\t\t\t\t<div class=\"label\">\r\n\t\t\t\t\t\t\tFax\t\t\t\t\t\t<\/div>\r\n\t\t\t\t\t\r\n\t\t\t\t\t<ul class=\"info\">\r\n\t\t\t\t\t\t\t\t\t\t\t\t\t<li class=\"item\">\r\n\t\t\t\t\t\t\t\t\t\t\t\t\t\t\t\t\t\t\t\r\n\t\t\t\t\t\t\t\t\t\t\t<a href=\"tel:+38515810241\">\r\n\t\t\t\t\t\t\t\t\t\t\t\t+385 1 581 0241\t\t\t\t\t\t\t\t\t\t\t<\/a>\r\n\t\t\t\t\t\t\t\t\t\t\t\t\t\t\t\t\t<\/li>\r\n\t\t\t\t\t\t\t\t\t\t\t<\/ul>\r\n\t\t\t\t<\/div>\r\n\t\t\t<\/div>\r\n\t\t\t\t\t\t<\/div>\n\t\t\t\t<\/div>\n\t\t\t\t<div class=\"elementor-element elementor-element-aecad64 elementor-widget elementor-widget-spoclub_elementor_contact_info\" data-id=\"aecad64\" data-element_type=\"widget\" data-widget_type=\"spoclub_elementor_contact_info.default\">\n\t\t\t\t<div class=\"elementor-widget-container\">\n\t\t\t\t\t\r\n\t\t\t<div class=\"ova-contact-info template2\">\r\n\r\n\t\t\t\t\t\t\t\t\t<div class=\"icon\">\r\n\t\t\t\t\t\t<i aria-hidden=\"true\" class=\"icomoon icomoon-email\"><\/i>\t\t\t\t\t<\/div>\t\r\n\t\t\t\t\r\n\t\t\t\t<div class=\"contact\">\r\n\t\t\t\t\t\t\t\t\t\t\t<div class=\"label\">\r\n\t\t\t\t\t\t\tE-mail adresa\t\t\t\t\t\t<\/div>\r\n\t\t\t\t\t\r\n\t\t\t\t\t<ul class=\"info\">\r\n\t\t\t\t\t\t\t\t\t\t\t\t\t<li class=\"item\">\r\n\t\t\t\t\t\t\t\t\t\t\t\t\t\t\t\t\t\t\t<a href=\"mailto:croatian.paravolley@gmail.com\">\r\n\t\t\t\t\t\t\t\t\t\t\t\tcroatian.paravolley@gmail.com\t\t\t\t\t\t\t\t\t\t\t<\/a>\r\n\t\t\t\t\t\t\t\t\t\t\t\t\t\t\t\t\t<\/li>\r\n\t\t\t\t\t\t\t\t\t\t\t<\/ul>\r\n\t\t\t\t<\/div>\r\n\t\t\t<\/div>\r\n\t\t\t\t\t\t<\/div>\n\t\t\t\t<\/div>\n\t\t\t\t\t<\/div>\n\t\t<\/div>\n\t\t\t\t<div class=\"has_eae_slider elementor-column elementor-col-50 elementor-inner-column elementor-element elementor-element-8981e60\" data-id=\"8981e60\" data-element_type=\"column\">\n\t\t\t<div class=\"elementor-widget-wrap elementor-element-populated\">\n\t\t\t\t\t\t<div class=\"elementor-element elementor-element-2fe2fe1 elementor-widget elementor-widget-spoclub_elementor_contact_info\" data-id=\"2fe2fe1\" data-element_type=\"widget\" data-widget_type=\"spoclub_elementor_contact_info.default\">\n\t\t\t\t<div class=\"elementor-widget-container\">\n\t\t\t\t\t\r\n\t\t\t<div class=\"ova-contact-info template2\">\r\n\r\n\t\t\t\t\t\t\t\t\t<div class=\"icon\">\r\n\t\t\t\t\t\t<i aria-hidden=\"true\" class=\"icomoon icomoon-home\"><\/i>\t\t\t\t\t<\/div>\t\r\n\t\t\t\t\r\n\t\t\t\t<div class=\"contact\">\r\n\t\t\t\t\t\t\t\t\t\t\t<div class=\"label\">\r\n\t\t\t\t\t\t\tWeb\t\t\t\t\t\t<\/div>\r\n\t\t\t\t\t\r\n\t\t\t\t\t<ul class=\"info\">\r\n\t\t\t\t\t\t\t\t\t\t\t\t\t<li class=\"item\">\r\n\t\t\t\t\t\t\t\t<a href=\"https:\/\/iok-zagreb.hr\/\" target=\"_blank\">iok-zagreb.hr<\/a>\t\t\t\t\t\t\t<\/li>\r\n\t\t\t\t\t\t\t\t\t\t\t<\/ul>\r\n\t\t\t\t<\/div>\r\n\t\t\t<\/div>\r\n\t\t\t\t\t\t<\/div>\n\t\t\t\t<\/div>\n\t\t\t\t<div class=\"elementor-element elementor-element-fdfe22b elementor-widget elementor-widget-spoclub_elementor_contact_info\" data-id=\"fdfe22b\" data-element_type=\"widget\" data-widget_type=\"spoclub_elementor_contact_info.default\">\n\t\t\t\t<div class=\"elementor-widget-container\">\n\t\t\t\t\t\r\n\t\t\t<div class=\"ova-contact-info template2\">\r\n\r\n\t\t\t\t\t\t\t\t\t<div class=\"icon\">\r\n\t\t\t\t\t\t<i aria-hidden=\"true\" class=\"icomoon icomoon-facebook\"><\/i>\t\t\t\t\t<\/div>\t\r\n\t\t\t\t\r\n\t\t\t\t<div class=\"contact\">\r\n\t\t\t\t\t\t\t\t\t\t\t<div class=\"label\">\r\n\t\t\t\t\t\t\tFacebook\t\t\t\t\t\t<\/div>\r\n\t\t\t\t\t\r\n\t\t\t\t\t<ul class=\"info\">\r\n\t\t\t\t\t\t\t\t\t\t\t\t\t<li class=\"item\">\r\n\t\t\t\t\t\t\t\t<a href=\"https:\/\/www.facebook.com\/IOKZagreb\" target=\"_blank\">facebook.com\/IOKZagreb<\/a>\t\t\t\t\t\t\t<\/li>\r\n\t\t\t\t\t\t\t\t\t\t\t<\/ul>\r\n\t\t\t\t<\/div>\r\n\t\t\t<\/div>\r\n\t\t\t\t\t\t<\/div>\n\t\t\t\t<\/div>\n\t\t\t\t\t<\/div>\n\t\t<\/div>\n\t\t\t\t\t<\/div>\n\t\t<\/section>\n\t\t\t\t\t<\/div>\n\t\t<\/div>\n\t\t\t\t\t<\/div>\n\t\t<\/section>\n\t\t<div class=\"has_eae_slider elementor-element elementor-element-59faf60 e-flex e-con-boxed e-con e-parent\" data-id=\"59faf60\" data-element_type=\"container\" data-settings=\"{&quot;background_background&quot;:&quot;classic&quot;}\">\n\t\t\t\t\t<div class=\"e-con-inner\">\n\t\t\t\t<div class=\"elementor-element elementor-element-b49b7b4 elementor-widget elementor-widget-spoclub_elementor_heading\" data-id=\"b49b7b4\" data-element_type=\"widget\" data-widget_type=\"spoclub_elementor_heading.default\">\n\t\t\t\t<div class=\"elementor-widget-container\">\n\t\t\t\t\t\r\n\t\t<div class=\"ova-title\">\r\n\r\n\t\t\t\r\n\t\t\t\r\n\t\t\t\t\t\r\n\t\t\t\t\t\t\t<h2 class=\"title\">POPIS IGRA\u010cA I TRENERA INVALIDSKOG ODBOJKA\u0160KOG KLUBA \u201eZAGREB\u201c<\/h2>\r\n\r\n\t\t\t\t\t\r\n\t\t\t\r\n\t\t\t\r\n\t\t\t\r\n\t\t<\/div>\r\n\r\n\t\t\t\t\t\t<\/div>\n\t\t\t\t<\/div>\n\t\t\t\t<div class=\"elementor-element elementor-element-bbf954a elementor-widget elementor-widget-heading\" data-id=\"bbf954a\" data-element_type=\"widget\" data-widget_type=\"heading.default\">\n\t\t\t\t<div class=\"elementor-widget-container\">\n\t\t\t\t\t<h2 class=\"elementor-heading-title elementor-size-default\">IGRA\u010cI:<\/h2>\t\t\t\t<\/div>\n\t\t\t\t<\/div>\n\t\t\t\t<div class=\"elementor-element elementor-element-61af34d elementor-widget-divider--view-line elementor-widget elementor-widget-divider\" data-id=\"61af34d\" data-element_type=\"widget\" data-widget_type=\"divider.default\">\n\t\t\t\t<div class=\"elementor-widget-container\">\n\t\t\t\t\t\t\t<div class=\"elementor-divider\">\n\t\t\t<span class=\"elementor-divider-separator\">\n\t\t\t\t\t\t<\/span>\n\t\t<\/div>\n\t\t\t\t\t\t<\/div>\n\t\t\t\t<\/div>\n\t\t\t\t<div class=\"elementor-element elementor-element-a7dc48f elementor-widget elementor-widget-text-editor\" data-id=\"a7dc48f\" data-element_type=\"widget\" data-widget_type=\"text-editor.default\">\n\t\t\t\t<div class=\"elementor-widget-container\">\n\t\t\t\t\t\t\t\t\t<p><div class=\"sportspress\"><div class=\"sp-template sp-template-player-list\"><div class=\"sp-table-wrapper\"><table class=\"sp-player-list sp-data-table\" data-sp-rows=\"10\"><thead><tr><th class=\"data-name\">Player<\/th><\/tr><\/thead><tbody><tr class=\"odd\"><td class=\"data-name\" data-label=\"Player\">Lon\u010dar Tihana<\/td><\/tr><tr class=\"even\"><td class=\"data-name\" data-label=\"Player\">Zoran Prce<\/td><\/tr><tr class=\"odd\"><td class=\"data-name\" data-label=\"Player\">Ivan Katanu\u0161i\u0107<\/td><\/tr><tr class=\"even\"><td class=\"data-name\" data-label=\"Player\">Branislav Slavulj<\/td><\/tr><tr class=\"odd\"><td class=\"data-name\" data-label=\"Player\">Antonio Gurlica<\/td><\/tr><tr class=\"even\"><td class=\"data-name\" data-label=\"Player\">Hrvoje Jurki\u0107<\/td><\/tr><tr class=\"odd\"><td class=\"data-name\" data-label=\"Player\">Toni Prekpaljaj<\/td><\/tr><tr class=\"even\"><td class=\"data-name\" data-label=\"Player\">Mile \u0106orluka<\/td><\/tr><tr class=\"odd\"><td class=\"data-name\" data-label=\"Player\">Miljenko Stipani\u010dev<\/td><\/tr><tr class=\"even\"><td class=\"data-name\" data-label=\"Player\">\u017deljko \u0160ari\u0107<\/td><\/tr><tr class=\"odd\"><td class=\"data-name\" data-label=\"Player\">Ante \u0106orluka<\/td><\/tr><tr class=\"even\"><td class=\"data-name\" data-label=\"Player\">Ante Mihaljevi\u0107<\/td><\/tr><tr class=\"odd\"><td class=\"data-name\" data-label=\"Player\">Hrvoje Rado\u0161<\/td><\/tr><tr class=\"even\"><td class=\"data-name\" data-label=\"Player\">Kaja Bagari\u0107 Grgo\u0161i\u0107<\/td><\/tr><tr class=\"odd\"><td class=\"data-name\" data-label=\"Player\">Anto Kri\u0161to<\/td><\/tr><tr class=\"even\"><td class=\"data-name\" data-label=\"Player\">Damir Kasap<\/td><\/tr><tr class=\"odd\"><td class=\"data-name\" data-label=\"Player\">Slaven Horvat<\/td><\/tr><tr class=\"even\"><td class=\"data-name\" data-label=\"Player\">Marko Rebrovi\u0107<\/td><\/tr><tr class=\"odd\"><td class=\"data-name\" data-label=\"Player\">Boris Dimitri\u0107<\/td><\/tr><tr class=\"even\"><td class=\"data-name\" data-label=\"Player\">Bari\u0107 Darko<\/td><\/tr><tr class=\"odd\"><td class=\"data-name\" data-label=\"Player\">Nenad Iliba\u0161i\u0107<\/td><\/tr><tr class=\"even\"><td class=\"data-name\" data-label=\"Player\">Edvin Zdionica<\/td><\/tr><tr class=\"odd\"><td class=\"data-name\" data-label=\"Player\">Ivan \u0106osi\u0107<\/td><\/tr><tr class=\"even\"><td class=\"data-name\" data-label=\"Player\">Hrvoje Horvat<\/td><\/tr><\/tbody><\/table><\/div><\/div><\/div><\/p>\t\t\t\t\t\t\t\t<\/div>\n\t\t\t\t<\/div>\n\t\t\t\t<div class=\"elementor-element elementor-element-8579c28 elementor-widget elementor-widget-spacer\" data-id=\"8579c28\" data-element_type=\"widget\" data-widget_type=\"spacer.default\">\n\t\t\t\t<div class=\"elementor-widget-container\">\n\t\t\t\t\t\t\t<div class=\"elementor-spacer\">\n\t\t\t<div class=\"elementor-spacer-inner\"><\/div>\n\t\t<\/div>\n\t\t\t\t\t\t<\/div>\n\t\t\t\t<\/div>\n\t\t\t\t<div class=\"elementor-element elementor-element-5bcdf8f elementor-widget elementor-widget-heading\" data-id=\"5bcdf8f\" data-element_type=\"widget\" data-widget_type=\"heading.default\">\n\t\t\t\t<div class=\"elementor-widget-container\">\n\t\t\t\t\t<h2 class=\"elementor-heading-title elementor-size-default\">TRENERI:<\/h2>\t\t\t\t<\/div>\n\t\t\t\t<\/div>\n\t\t\t\t<div class=\"elementor-element elementor-element-e8541a6 elementor-widget-divider--view-line elementor-widget elementor-widget-divider\" data-id=\"e8541a6\" data-element_type=\"widget\" data-widget_type=\"divider.default\">\n\t\t\t\t<div class=\"elementor-widget-container\">\n\t\t\t\t\t\t\t<div class=\"elementor-divider\">\n\t\t\t<span class=\"elementor-divider-separator\">\n\t\t\t\t\t\t<\/span>\n\t\t<\/div>\n\t\t\t\t\t\t<\/div>\n\t\t\t\t<\/div>\n\t\t\t\t<div class=\"elementor-element elementor-element-ce7b8ef elementor-widget elementor-widget-text-editor\" data-id=\"ce7b8ef\" data-element_type=\"widget\" data-widget_type=\"text-editor.default\">\n\t\t\t\t<div class=\"elementor-widget-container\">\n\t\t\t\t\t\t\t\t\t<p><div class=\"sportspress\"><div class=\"sp-template sp-template-staff-list\">\n\t<div class=\"sp-table-wrapper\"><table class=\"sp-staff-directory sp-data-table\" data-sp-rows=\"10\"><thead><tr><th class=\"data-name\">Name<\/th><\/tr><\/thead><tbody><tr class=\"odd\"><td class=\"data-name\">Vladimir Joli\u0107<\/td><\/tr><tr class=\"even\"><td class=\"data-name\">Ante Mihaljevi\u0107<\/td><\/tr><tr class=\"odd\"><td class=\"data-name\">Lon\u010dar Tihana<\/td><\/tr><\/tbody><\/table><\/div><\/div><\/div><\/p>\t\t\t\t\t\t\t\t<\/div>\n\t\t\t\t<\/div>\n\t\t\t\t\t<\/div>\n\t\t\t\t<\/div>\n\t\t<div class=\"has_eae_slider elementor-element elementor-element-67d66474 e-flex e-con-boxed e-con e-parent\" data-id=\"67d66474\" data-element_type=\"container\">\n\t\t\t\t\t<div class=\"e-con-inner\">\n\t\t\t\t<div class=\"elementor-element elementor-element-8312789 elementor-widget elementor-widget-spoclub_elementor_heading\" data-id=\"8312789\" data-element_type=\"widget\" data-widget_type=\"spoclub_elementor_heading.default\">\n\t\t\t\t<div class=\"elementor-widget-container\">\n\t\t\t\t\t\r\n\t\t<div class=\"ova-title\">\r\n\r\n\t\t\t\r\n\t\t\t\r\n\t\t\t\t\t\r\n\t\t\t\t\t\t\t<h2 class=\"title\">GALERIJA<\/h2>\r\n\r\n\t\t\t\t\t\r\n\t\t\t\r\n\t\t\t\t\t\t\t<div class=\"line-box\">\r\n\t\t\t\t\t<div class=\"line-top\"><\/div>\r\n\t\t\t\t<\/div>\r\n\t\t\t\t\r\n\t\t\t\r\n\t\t<\/div>\r\n\r\n\t\t\t\t\t\t<\/div>\n\t\t\t\t<\/div>\n\t\t\t\t<div class=\"elementor-element elementor-element-95f7b09 elementor-widget elementor-widget-spoclub_elementor_ova_image_gallery\" data-id=\"95f7b09\" data-element_type=\"widget\" data-widget_type=\"spoclub_elementor_ova_image_gallery.default\">\n\t\t\t\t<div class=\"elementor-widget-container\">\n\t\t\t\t\t\r\n\t\t<div class=\"ova-image-gallery-ft three_column\">\r\n\t\t\t\t\t\t\t\t\t\t\t\t\t\t\t\t\t\t<a href=\"javascript:void(0)\" data-src=\"https:\/\/www.hpos.domino-dizajn.hr\/wp-content\/uploads\/2024\/03\/Zenska-reprezentacija-2.jpg\" class=\"item-fancybox-ft\"  data-fancybox=\"image-gallery-ft\" data-caption=\"\">\r\n\t\t\t\t\t\t\t<img decoding=\"async\" src=\"https:\/\/www.hpos.domino-dizajn.hr\/wp-content\/uploads\/2024\/03\/Zenska-reprezentacija-2.jpg\" alt=\"\">\r\n\t\t\t\t\t\t\t<div class=\"overlay\">\r\n\t\t\t\t\t\t\t\t\t\t\t\t\t\t\t\t\t<div class=\"icon\">\r\n\t\t\t\t\t\t\t\t\t\t<i aria-hidden=\"true\" class=\"icomoon icomoon-exchange\"><\/i>\t\t\t\t\t\t\t\t\t<\/div>\t\r\n\t\t\t\t\t\t\t\t\t\t\t\t\t\t\t<\/div>\r\n\t\t\t\t\t\t<\/a>\r\n\t\t\t\t\t\t\t\t\t\t\t\t\t\t\t<a href=\"javascript:void(0)\" data-src=\"https:\/\/www.hpos.domino-dizajn.hr\/wp-content\/uploads\/2024\/03\/Zenska-reprezentacija-3.jpg\" class=\"item-fancybox-ft\"  data-fancybox=\"image-gallery-ft\" data-caption=\"\">\r\n\t\t\t\t\t\t\t<img decoding=\"async\" src=\"https:\/\/www.hpos.domino-dizajn.hr\/wp-content\/uploads\/2024\/03\/Zenska-reprezentacija-3.jpg\" alt=\"\">\r\n\t\t\t\t\t\t\t<div class=\"overlay\">\r\n\t\t\t\t\t\t\t\t\t\t\t\t\t\t\t\t\t<div class=\"icon\">\r\n\t\t\t\t\t\t\t\t\t\t<i aria-hidden=\"true\" class=\"icomoon icomoon-exchange\"><\/i>\t\t\t\t\t\t\t\t\t<\/div>\t\r\n\t\t\t\t\t\t\t\t\t\t\t\t\t\t\t<\/div>\r\n\t\t\t\t\t\t<\/a>\r\n\t\t\t\t\t\t\t\t\t\t\t\t\t\t\t<a href=\"javascript:void(0)\" data-src=\"https:\/\/www.hpos.domino-dizajn.hr\/wp-content\/uploads\/2024\/03\/Zenska-reprezentacija-4.jpg\" class=\"item-fancybox-ft\"  data-fancybox=\"image-gallery-ft\" data-caption=\"\">\r\n\t\t\t\t\t\t\t<img decoding=\"async\" src=\"https:\/\/www.hpos.domino-dizajn.hr\/wp-content\/uploads\/2024\/03\/Zenska-reprezentacija-4.jpg\" alt=\"\">\r\n\t\t\t\t\t\t\t<div class=\"overlay\">\r\n\t\t\t\t\t\t\t\t\t\t\t\t\t\t\t\t\t<div class=\"icon\">\r\n\t\t\t\t\t\t\t\t\t\t<i aria-hidden=\"true\" class=\"icomoon icomoon-exchange\"><\/i>\t\t\t\t\t\t\t\t\t<\/div>\t\r\n\t\t\t\t\t\t\t\t\t\t\t\t\t\t\t<\/div>\r\n\t\t\t\t\t\t<\/a>\r\n\t\t\t\t\t\t\t\t\t\t\t\t\t\t\t<a href=\"javascript:void(0)\" data-src=\"https:\/\/www.hpos.domino-dizajn.hr\/wp-content\/uploads\/2024\/03\/Zenska-reprezentacija-5.jpg\" class=\"item-fancybox-ft\"  data-fancybox=\"image-gallery-ft\" data-caption=\"\">\r\n\t\t\t\t\t\t\t<img decoding=\"async\" src=\"https:\/\/www.hpos.domino-dizajn.hr\/wp-content\/uploads\/2024\/03\/Zenska-reprezentacija-5.jpg\" alt=\"\">\r\n\t\t\t\t\t\t\t<div class=\"overlay\">\r\n\t\t\t\t\t\t\t\t\t\t\t\t\t\t\t\t\t<div class=\"icon\">\r\n\t\t\t\t\t\t\t\t\t\t<i aria-hidden=\"true\" class=\"icomoon icomoon-exchange\"><\/i>\t\t\t\t\t\t\t\t\t<\/div>\t\r\n\t\t\t\t\t\t\t\t\t\t\t\t\t\t\t<\/div>\r\n\t\t\t\t\t\t<\/a>\r\n\t\t\t\t\t\t\t\t\t\t\t\t\t\t\t<a href=\"javascript:void(0)\" data-src=\"https:\/\/www.hpos.domino-dizajn.hr\/wp-content\/uploads\/2024\/03\/Zenska-reprezentacija-6.jpg\" class=\"item-fancybox-ft\"  data-fancybox=\"image-gallery-ft\" data-caption=\"\">\r\n\t\t\t\t\t\t\t<img decoding=\"async\" src=\"https:\/\/www.hpos.domino-dizajn.hr\/wp-content\/uploads\/2024\/03\/Zenska-reprezentacija-6.jpg\" alt=\"\">\r\n\t\t\t\t\t\t\t<div class=\"overlay\">\r\n\t\t\t\t\t\t\t\t\t\t\t\t\t\t\t\t\t<div class=\"icon\">\r\n\t\t\t\t\t\t\t\t\t\t<i aria-hidden=\"true\" class=\"icomoon icomoon-exchange\"><\/i>\t\t\t\t\t\t\t\t\t<\/div>\t\r\n\t\t\t\t\t\t\t\t\t\t\t\t\t\t\t<\/div>\r\n\t\t\t\t\t\t<\/a>\r\n\t\t\t\t\t\t\t\t\t\t\t\t\t\t\t<a href=\"javascript:void(0)\" data-src=\"https:\/\/www.hpos.domino-dizajn.hr\/wp-content\/uploads\/2024\/03\/Zenska-reprezentacija-7.jpg\" class=\"item-fancybox-ft\"  data-fancybox=\"image-gallery-ft\" data-caption=\"\">\r\n\t\t\t\t\t\t\t<img decoding=\"async\" src=\"https:\/\/www.hpos.domino-dizajn.hr\/wp-content\/uploads\/2024\/03\/Zenska-reprezentacija-7.jpg\" alt=\"\">\r\n\t\t\t\t\t\t\t<div class=\"overlay\">\r\n\t\t\t\t\t\t\t\t\t\t\t\t\t\t\t\t\t<div class=\"icon\">\r\n\t\t\t\t\t\t\t\t\t\t<i aria-hidden=\"true\" class=\"icomoon icomoon-exchange\"><\/i>\t\t\t\t\t\t\t\t\t<\/div>\t\r\n\t\t\t\t\t\t\t\t\t\t\t\t\t\t\t<\/div>\r\n\t\t\t\t\t\t<\/a>\r\n\t\t\t\t\t\t\t\t\t\t\t\t\t\t\t<a href=\"javascript:void(0)\" data-src=\"https:\/\/www.hpos.domino-dizajn.hr\/wp-content\/uploads\/2024\/03\/Zenska-reprezentacija-1.jpg\" class=\"item-fancybox-ft\"  data-fancybox=\"image-gallery-ft\" data-caption=\"\">\r\n\t\t\t\t\t\t\t<img decoding=\"async\" src=\"https:\/\/www.hpos.domino-dizajn.hr\/wp-content\/uploads\/2024\/03\/Zenska-reprezentacija-1.jpg\" alt=\"\">\r\n\t\t\t\t\t\t\t<div class=\"overlay\">\r\n\t\t\t\t\t\t\t\t\t\t\t\t\t\t\t\t\t<div class=\"icon\">\r\n\t\t\t\t\t\t\t\t\t\t<i aria-hidden=\"true\" class=\"icomoon icomoon-exchange\"><\/i>\t\t\t\t\t\t\t\t\t<\/div>\t\r\n\t\t\t\t\t\t\t\t\t\t\t\t\t\t\t<\/div>\r\n\t\t\t\t\t\t<\/a>\r\n\t\t\t\t\t\t\t\t\t<\/div> \t\r\n\r\n\t\t\t\t\t\t<\/div>\n\t\t\t\t<\/div>\n\t\t\t\t\t<\/div>\n\t\t\t\t<\/div>\n\t\t\t\t<\/div>","protected":false},"excerpt":{"rendered":"<p>Hrvatska \u017eenska paraodbojka\u0161ka reprezentacija Kralja Dr\u017eislava 6, 10000 Zagreb NA\u0160A REPKA Hrvatska \u017eenska paraodbojka\u0161ka reprezentacija Sve za nju, moju Hrvatsku! Kratka povijest Vivamus elementum semper nisi. Nullam cursus lacinia erat. Vestibulum purus quam, scelerisque ut, mollis sed, nonummy id, metus. Curabitur at lacus ac velit ornare lobortis. Phasellus dolor. Vivamus euismod mauris. Cras id dui. [&hellip;]<\/p>","protected":false},"author":1,"featured_media":0,"parent":0,"menu_order":0,"comment_status":"closed","ping_status":"closed","template":"elementor_header_footer","meta":{"footnotes":""},"class_list":["post-4245","page","type-page","status-publish","hentry"],"_links":{"self":[{"href":"https:\/\/www.hpos.domino-dizajn.hr\/en\/wp-json\/wp\/v2\/pages\/4245","targetHints":{"allow":["GET"]}}],"collection":[{"href":"https:\/\/www.hpos.domino-dizajn.hr\/en\/wp-json\/wp\/v2\/pages"}],"about":[{"href":"https:\/\/www.hpos.domino-dizajn.hr\/en\/wp-json\/wp\/v2\/types\/page"}],"author":[{"embeddable":true,"href":"https:\/\/www.hpos.domino-dizajn.hr\/en\/wp-json\/wp\/v2\/users\/1"}],"replies":[{"embeddable":true,"href":"https:\/\/www.hpos.domino-dizajn.hr\/en\/wp-json\/wp\/v2\/comments?post=4245"}],"version-history":[{"count":19,"href":"https:\/\/www.hpos.domino-dizajn.hr\/en\/wp-json\/wp\/v2\/pages\/4245\/revisions"}],"predecessor-version":[{"id":4971,"href":"https:\/\/www.hpos.domino-dizajn.hr\/en\/wp-json\/wp\/v2\/pages\/4245\/revisions\/4971"}],"wp:attachment":[{"href":"https:\/\/www.hpos.domino-dizajn.hr\/en\/wp-json\/wp\/v2\/media?parent=4245"}],"curies":[{"name":"wp","href":"https:\/\/api.w.org\/{rel}","templated":true}]}}