{"id":4712,"date":"2024-04-02T09:36:44","date_gmt":"2024-04-02T08:36:44","guid":{"rendered":"https:\/\/www.hpos.domino-dizajn.hr\/?page_id=4712"},"modified":"2024-04-02T11:46:20","modified_gmt":"2024-04-02T10:46:20","slug":"izjava-o-zastiti-privatnosti","status":"publish","type":"page","link":"https:\/\/www.hpos.domino-dizajn.hr\/en\/izjava-o-zastiti-privatnosti\/","title":{"rendered":"Izjava o za\u0161titi privatnosti"},"content":{"rendered":"<div data-elementor-type=\"wp-page\" data-elementor-id=\"4712\" class=\"elementor elementor-4712\" data-elementor-post-type=\"page\">\n\t\t\t\t<div class=\"has_eae_slider elementor-element elementor-element-49cc46d e-flex e-con-boxed e-con e-parent\" data-id=\"49cc46d\" data-element_type=\"container\">\n\t\t\t\t\t<div class=\"e-con-inner\">\n\t\t\t\t<div class=\"elementor-element elementor-element-4d3762b elementor-widget elementor-widget-heading\" data-id=\"4d3762b\" data-element_type=\"widget\" data-widget_type=\"heading.default\">\n\t\t\t\t<div class=\"elementor-widget-container\">\n\t\t\t\t\t<h2 class=\"elementor-heading-title elementor-size-default\">IZJAVA O ZA\u0160TITI PRIVATNOSTI NA INTERNETSKIM STRANICAMA <br \/>HRVATSKI PARAODBOJKA\u0160KI SAVEZ<\/h2>\t\t\t\t<\/div>\n\t\t\t\t<\/div>\n\t\t\t\t\t<\/div>\n\t\t\t\t<\/div>\n\t\t<div class=\"has_eae_slider elementor-element elementor-element-920e0df policy-p e-flex e-con-boxed e-con e-parent\" data-id=\"920e0df\" data-element_type=\"container\">\n\t\t\t\t\t<div class=\"e-con-inner\">\n\t\t\t\t<div class=\"elementor-element elementor-element-91c9262 elementor-widget elementor-widget-text-editor\" data-id=\"91c9262\" data-element_type=\"widget\" data-widget_type=\"text-editor.default\">\n\t\t\t\t<div class=\"elementor-widget-container\">\n\t\t\t\t\t\t\t\t\t<p><strong>Hrvatski Paraodbojka\u0161ki Savez iz Zagreba, Kralja Dr\u017eislava 6, OIB: 72382180496 <\/strong>po\u0161tuje va\u0161u privatnost i temelji svoje internetske stranice na tehnologijama koje pru\u017eaju bolje i sigurnije mre\u017eno iskustvo. Ova Izjava o za\u0161titi privatnosti odnosi se na prikupljanje i obradu va\u0161ih osobnih podataka te primjenu kola\u010di\u0107a (cookies) na internetskim stranicama\u00a0<a href=\"http:\/\/hpos.hr\">hpos.hr<\/a> (u nastavku: internetske stranice).<\/p><p>Kori\u0161tenjem ovih internetskih stranica suglasni ste s na\u010dinom prikupljanja i obrade podataka opisanim u ovoj Izjavi te pohranom i pristupom kola\u010di\u0107ima na va\u0161em ure\u0111aju.<\/p>\t\t\t\t\t\t\t\t<\/div>\n\t\t\t\t<\/div>\n\t\t\t\t<div class=\"elementor-element elementor-element-c679796 elementor-widget elementor-widget-heading\" data-id=\"c679796\" data-element_type=\"widget\" data-widget_type=\"heading.default\">\n\t\t\t\t<div class=\"elementor-widget-container\">\n\t\t\t\t\t<h5 class=\"elementor-heading-title elementor-size-default\">Prikupljanje i obrada osobnih podataka<\/h5>\t\t\t\t<\/div>\n\t\t\t\t<\/div>\n\t\t\t\t<div class=\"elementor-element elementor-element-ea55d3d elementor-widget elementor-widget-text-editor\" data-id=\"ea55d3d\" data-element_type=\"widget\" data-widget_type=\"text-editor.default\">\n\t\t\t\t<div class=\"elementor-widget-container\">\n\t\t\t\t\t\t\t\t\t<p>Kako bi odr\u017eao funkcionalnost internetskih stranica i omogu\u0107io usluge koje korisnici tra\u017ee,\u00a0Hrvatski Paraodbojka\u0161ki Savez\u00a0na ovoj internetskoj lokaciji mo\u017ee prikupljati i upotrebljavati osobne podatke korisnika.<\/p><p><span style=\"color: var( --e-global-color-text ); font-family: var( --e-global-typography-text-font-family ), Sans-serif; font-weight: var( --e-global-typography-text-font-weight ); text-align: var(--text-align); font-size: var(--font-size); letter-spacing: var(--letter-spacing);\">Putem internetskih stranica\u00a0<a href=\"http:\/\/hpos.hr\">hpos.hr<\/a>\u00a0mogu\u0107e je, ovisno o svrsi, prikupljanje va\u0161ih osobnih podataka kao \u0161to su: Ime i prezime, adresa e-po\u0161te, ku\u0107na ili poslovna adresa, telefonski broj.<\/span><\/p><p>Upisom osobnih podataka u za to predvi\u0111ena polja dajete privolu da se navedeni podaci upotrebljavaju u svrhu za koju su dani.<\/p><p>Hrvatski Paraodbojka\u0161ki Savez prikuplja podatke o va\u0161em ra\u010dunalu. Ovi podaci mogu uklju\u010divati va\u0161u IP adresu, tip preglednika, vrijeme pristupa i adrese internetskih stranica.<\/p><p>Hrvatski Paraodbojka\u0161ki Savez prikuplja podatke o klijentu i izvan ovog internetskog mjesta, na temelju obrazaca upitnika uz suglasnost klijenta i u svrhe navedene u tim obrascima.<\/p><p>Prikupljene podatke, kao i podatke koje je saznao na osnovi pru\u017eanja usluga klijentima i u obavljanju poslova s pojedina\u010dnim klijentom,\u00a0Hrvatski Paraodbojka\u0161ki Savez obra\u0111uje u svrhu u koju su isti dani, odnosno u svrhu kori\u0161tenja internetskih stranica i pru\u017eanja \u017eeljenih usluga te kako bi vam pru\u017eio informacije o proizvodima ili uslugama koje mo\u017eete koristiti.\u00a0Hrvatski Paraodbojka\u0161ki Savez mo\u017ee koristiti navedene podatke kako bi vam pru\u017eio u\u010dinkovitiju korisni\u010dku uslugu, olak\u0161ao kori\u0161tenje internetskih stranica uklanjanjem potrebe za u\u010destalim upisivanjem istih podataka ili za prilagodbu internetskih stranica va\u0161im osobnim sklonostima i interesima.<\/p><p><span style=\"color: var( --e-global-color-text ); font-family: var( --e-global-typography-text-font-family ), Sans-serif; font-weight: var( --e-global-typography-text-font-weight ); text-align: var(--text-align); font-size: var(--font-size); letter-spacing: var(--letter-spacing);\">Hrvatski Paraodbojka\u0161ki Savez ne prodaje, ne iznajmljuje i ne posu\u0111uje popis korisnika svojih stranica tre\u0107im stranama. Uz obvezu zadr\u017eavanja povjerljivosti,\u00a0Hrvatski Paraodbojka\u0161ki Savez mo\u017ee dijeliti podatke s pouzdanim partnerima za odre\u0111ene svrhe: Izradu statisti\u010dke analize, omogu\u0107ivanje korisni\u010dke potpore, organizaciju dostave ili sli\u010dne potrebe. Svakoj takvoj tre\u0107oj strani zabranjena je daljnja obrada va\u0161ih osobnih podataka.<\/span><\/p><p><span style=\"color: var( --e-global-color-text ); font-family: var( --e-global-typography-text-font-family ), Sans-serif; font-weight: var( --e-global-typography-text-font-weight ); text-align: var(--text-align); font-size: var(--font-size); letter-spacing: var(--letter-spacing);\">Ovime vas\u00a0Hrvatski Paraodbojka\u0161ki Savez ujedno informira da imate pravo na pristup svim danim osobnim podacima, kao i na njihov ispravak, pravo naknadno odustati od prethodno danih suglasnosti, djelomi\u010dno ili u cijelosti, kao i pravo usprotiviti se obradi osobnih podataka u svrhe pru\u017eanja informacija o proizvodima ili uslugama.<\/span><\/p>\t\t\t\t\t\t\t\t<\/div>\n\t\t\t\t<\/div>\n\t\t\t\t<div class=\"elementor-element elementor-element-63b1311 elementor-widget elementor-widget-heading\" data-id=\"63b1311\" data-element_type=\"widget\" data-widget_type=\"heading.default\">\n\t\t\t\t<div class=\"elementor-widget-container\">\n\t\t\t\t\t<h5 class=\"elementor-heading-title elementor-size-default\">Sigurnost va\u0161ih osobnih podataka<\/h5>\t\t\t\t<\/div>\n\t\t\t\t<\/div>\n\t\t\t\t<div class=\"elementor-element elementor-element-7d6c7c1 elementor-widget elementor-widget-text-editor\" data-id=\"7d6c7c1\" data-element_type=\"widget\" data-widget_type=\"text-editor.default\">\n\t\t\t\t<div class=\"elementor-widget-container\">\n\t\t\t\t\t\t\t\t\t<p>Internetska stranica Hrvatski Paraodbojka\u0161ki Savez \u0161titi va\u0161e osobne podatke od neovla\u0161tenog pristupa, upotrebe ili odavanja. Podaci na ra\u010dunalnim poslu\u017eiteljima pohranjuju se u kontroliranom, sigurnom okru\u017eenju, za\u0161ti\u0107enom od neovla\u0161tenog pristupa, upotrebe ili odavanja.<\/p><p><span style=\"color: var( --e-global-color-text ); font-family: var( --e-global-typography-text-font-family ), Sans-serif; font-weight: var( --e-global-typography-text-font-weight ); text-align: var(--text-align); font-size: var(--font-size); letter-spacing: var(--letter-spacing);\">Prigovor vezan za va\u0161e osobne podatke imate pravo uputiti dru\u0161tvu na e-mail adresu <a href=\"mailto:croatian.paravolley@gmail.com\">croatian.paravolley@gmail.com<\/a>, adresu sjedi\u0161ta dru\u0161tva ili na telefonski broj <a href=\"tel:385912345678\">+385 91 2345 678<\/a>.<\/span><\/p><p><span style=\"color: var( --e-global-color-text ); font-family: var( --e-global-typography-text-font-family ), Sans-serif; font-weight: var( --e-global-typography-text-font-weight ); text-align: var(--text-align); font-size: var(--font-size); letter-spacing: var(--letter-spacing);\">Prigovor mo\u017eete uputiti i nadzornom tijelu za za\u0161titu osobnih podataka, odnosno Agenciji za za\u0161titu osobnih podataka (AZOP).<\/span><\/p>\t\t\t\t\t\t\t\t<\/div>\n\t\t\t\t<\/div>\n\t\t\t\t<div class=\"elementor-element elementor-element-e08d9e7 elementor-widget elementor-widget-heading\" data-id=\"e08d9e7\" data-element_type=\"widget\" data-widget_type=\"heading.default\">\n\t\t\t\t<div class=\"elementor-widget-container\">\n\t\t\t\t\t<h5 class=\"elementor-heading-title elementor-size-default\">Primjena kola\u010di\u0107a<\/h5>\t\t\t\t<\/div>\n\t\t\t\t<\/div>\n\t\t\t\t<div class=\"elementor-element elementor-element-f67a519 elementor-widget elementor-widget-text-editor\" data-id=\"f67a519\" data-element_type=\"widget\" data-widget_type=\"text-editor.default\">\n\t\t\t\t<div class=\"elementor-widget-container\">\n\t\t\t\t\t\t\t\t\t<p>Na internetskim stranicama\u00a0<a href=\"http:\/\/hpos.hr\">hpos.hr<\/a> primjenjuju se tzv. kola\u010di\u0107i (cookies) \u2013 tekstualne datoteke koje na ra\u010dunalo korisnika smje\u0161ta internetski preglednik kojim se korisnik koristi.<br \/>Datoteke nastaju kada preglednik na ure\u0111aju korisnika u\u010dita posje\u0107eno mre\u017eno odredi\u0161te koje potom \u0161alje podatke pregledniku te izra\u0111uje tekstualnu datoteku (kola\u010di\u0107). Preglednik dohva\u0107a i \u0161alje datoteku na poslu\u017eitelj mre\u017enog odredi\u0161ta (mjesta, stranice) prilikom povratka korisnika na njega.<\/p><p><span style=\"color: var( --e-global-color-text ); font-family: var( --e-global-typography-text-font-family ), Sans-serif; font-size: var(--font-size); font-weight: var( --e-global-typography-text-font-weight ); letter-spacing: var(--letter-spacing); text-align: var(--text-align);\">Kola\u010di\u0107i se upotrebljavaju za funkcioniranje svih zna\u010dajki internetskih stranica i bolje korisni\u010dko iskustvo, a mogu biti privremeni (pohranjuju se samo tijekom posjeta internetskim stranicama) ili trajni (na ra\u010dunalu korisnika ostaju pohranjeni i nakon posjeta).<\/span><\/p><p><span style=\"color: var( --e-global-color-text ); font-family: var( --e-global-typography-text-font-family ), Sans-serif; font-size: var(--font-size); font-weight: var( --e-global-typography-text-font-weight ); letter-spacing: var(--letter-spacing); text-align: var(--text-align);\">Kola\u010di\u0107ima tre\u0107ih strana,\u00a0<a href=\"http:\/\/hpos.hr\">hpos.hr<\/a> se koristi za dobivanje statisti\u010dkih podataka o posje\u0107enosti i na\u010dinu upotrebe na\u0161ih internetskih stranica. Podaci koji se prikupljaju uklju\u010duju IP adresu korisnika, podatke o pregledniku, jeziku, operativnom sustavu i druge standardne podatke koji se prikupljaju i analiziraju isklju\u010divo u anonimnom i masovnom obliku.<\/span><\/p><p><span style=\"color: var( --e-global-color-text ); font-family: var( --e-global-typography-text-font-family ), Sans-serif; font-weight: var( --e-global-typography-text-font-weight ); text-align: var(--text-align); font-size: var(--font-size); letter-spacing: var(--letter-spacing);\">Internetske stranice\u00a0Hrvatski Paraodbojka\u0161ki Savez ne sadr\u017eavaju kola\u010di\u0107e koji omogu\u0107uju pokretanje programa ili postavljanje virusa na va\u0161e ra\u010dunalo.<\/span><\/p><p><span style=\"color: var( --e-global-color-text ); font-family: var( --e-global-typography-text-font-family ), Sans-serif; font-weight: var( --e-global-typography-text-font-weight ); text-align: var(--text-align); font-size: var(--font-size); letter-spacing: var(--letter-spacing);\">Stranice\u00a0<a href=\"http:\/\/hpos.hr\">hpos.hr<\/a> slu\u017ee se statistikom Google Analytics, a pravila o kola\u010di\u0107ima tre\u0107e strane potra\u017eite na\u00a0<\/span><a style=\"font-family: var( --e-global-typography-text-font-family ), Sans-serif; font-weight: var( --e-global-typography-text-font-weight ); text-align: var(--text-align); background-color: #ffffff; font-size: var(--font-size); letter-spacing: var(--letter-spacing);\" role=\"link\" href=\"https:\/\/analytics.google.com\/analytics\/web\/provision\/#\/provision\">Google Analytics<\/a><span style=\"color: var( --e-global-color-text ); font-family: var( --e-global-typography-text-font-family ), Sans-serif; font-weight: var( --e-global-typography-text-font-weight ); text-align: var(--text-align); font-size: var(--font-size); letter-spacing: var(--letter-spacing);\">. Podatke o tome kako se korisnici koriste na\u0161om internetskom stranicom povremeno mo\u017eemo prikupljati koriste\u0107i se i drugim alatima sli\u010dnima usluzi Google Analytics.<\/span><\/p>\t\t\t\t\t\t\t\t<\/div>\n\t\t\t\t<\/div>\n\t\t\t\t<div class=\"elementor-element elementor-element-9a3bafa elementor-widget elementor-widget-heading\" data-id=\"9a3bafa\" data-element_type=\"widget\" data-widget_type=\"heading.default\">\n\t\t\t\t<div class=\"elementor-widget-container\">\n\t\t\t\t\t<h5 class=\"elementor-heading-title elementor-size-default\">Koje vrste kola\u010di\u0107a postoje?<\/h5>\t\t\t\t<\/div>\n\t\t\t\t<\/div>\n\t\t\t\t<div class=\"elementor-element elementor-element-306aa57 elementor-widget elementor-widget-text-editor\" data-id=\"306aa57\" data-element_type=\"widget\" data-widget_type=\"text-editor.default\">\n\t\t\t\t<div class=\"elementor-widget-container\">\n\t\t\t\t\t\t\t\t\t<p>Kako biste bolje razumjeli kola\u010di\u0107e i kako ih kontrolirati, u nastavku mo\u017eete saznati koje vrste kola\u010di\u0107a postoje te koji se koriste na internetskoj stranici.<\/p><p>Kola\u010di\u0107i od prve strane (first party cookies)<\/p><p>Kola\u010di\u0107i koje je na va\u0161 ure\u0111aj instalirala organizacija \u010diju internetsku stranicu posje\u0107ujete poznati su kao kola\u010di\u0107i \u201cprve strane\u201d.<\/p><p><span style=\"color: var( --e-global-color-text ); font-family: var( --e-global-typography-text-font-family ), Sans-serif; font-weight: var( --e-global-typography-text-font-weight ); text-align: var(--text-align); font-size: var(--font-size); letter-spacing: var(--letter-spacing);\">Kola\u010di\u0107i tre\u0107e strane (third party cookies)<\/span><\/p><p>Kola\u010di\u0107i koje je na va\u0161 ure\u0111aj internetskom stranicom koju posje\u0107ujete instalirala druga organizacija poznati su kao kola\u010di\u0107i \u201ctre\u0107e strane\u201d. Primjer kola\u010di\u0107a \u201ctre\u0107e strane\u201d je kola\u010di\u0107 koji je postavila tvrtka specijalizirana za analitiku internetskih stranica (primjerice, Google Analytics) koja vlasniku internetske stranice daje podatke o broju osoba koji posje\u0107uju istu.<\/p><p><span style=\"color: var( --e-global-color-text ); font-family: var( --e-global-typography-text-font-family ), Sans-serif; font-weight: var( --e-global-typography-text-font-weight ); text-align: var(--text-align); font-size: var(--font-size); letter-spacing: var(--letter-spacing);\">Stalni kola\u010di\u0107i (persistent cookies)<\/span><\/p><p>Stalni kola\u010di\u0107i ostaju spremljeni na va\u0161em ure\u0111aju i nakon zatvaranja internetskog preglednika. Uz pomo\u0107 ovih kola\u010di\u0107a internetske stranice pohranjuju podatke kako bi vam se olak\u0161alo njihovo kori\u0161tenje. Primjerice, internetske stranice koje zahtijevaju unos korisni\u010dkog imena i lozinke zapamtit \u0107e va\u0161 unos koji \u0107e se pojavljivati pri svakom novom posjetu.<\/p><p><span style=\"color: var( --e-global-color-text ); font-family: var( --e-global-typography-text-font-family ), Sans-serif; font-weight: var( --e-global-typography-text-font-weight ); text-align: var(--text-align); font-size: var(--font-size); letter-spacing: var(--letter-spacing);\">Privremeni kola\u010di\u0107i (session cookies)<\/span><\/p><p>Privremeni kola\u010di\u0107i uklanjanju se s va\u0161eg ure\u0111aja u trenutku zatvaranja internetskog preglednika u kojem ste pregledavali internetsku stranicu. Pomo\u0107u ovih kola\u010di\u0107a stranice pohranjuju privremene podatke koji slu\u017ee za njezino ispravno funkcioniranje.<\/p>\t\t\t\t\t\t\t\t<\/div>\n\t\t\t\t<\/div>\n\t\t\t\t<div class=\"elementor-element elementor-element-b0c4aaf elementor-widget elementor-widget-heading\" data-id=\"b0c4aaf\" data-element_type=\"widget\" data-widget_type=\"heading.default\">\n\t\t\t\t<div class=\"elementor-widget-container\">\n\t\t\t\t\t<h5 class=\"elementor-heading-title elementor-size-default\">Sprje\u010davanje kola\u010di\u0107a<\/h5>\t\t\t\t<\/div>\n\t\t\t\t<\/div>\n\t\t\t\t<div class=\"elementor-element elementor-element-8c2fb9d elementor-widget elementor-widget-text-editor\" data-id=\"8c2fb9d\" data-element_type=\"widget\" data-widget_type=\"text-editor.default\">\n\t\t\t\t<div class=\"elementor-widget-container\">\n\t\t\t\t\t\t\t\t\t<p>Ako niste suglasni s njihovom upotrebom, kola\u010di\u0107e mo\u017eete lako izbrisati (ili sprije\u010diti) na svojem ra\u010dunalu ili mobilnom ure\u0111aju s pomo\u0107u postavki preglednika kojim se koristite.<\/p><p><span style=\"color: var( --e-global-color-text ); font-family: var( --e-global-typography-text-font-family ), Sans-serif; font-weight: var( --e-global-typography-text-font-weight ); text-align: var(--text-align); font-size: var(--font-size); letter-spacing: var(--letter-spacing);\">Vi\u0161e informacija o upravljanju kola\u010di\u0107ima potra\u017eite na stranicama preglednika kojim se koristite ili na Wikipediji.<\/span><\/p><p><span style=\"color: var( --e-global-color-text ); font-family: var( --e-global-typography-text-font-family ), Sans-serif; font-weight: var( --e-global-typography-text-font-weight ); text-align: var(--text-align); font-size: var(--font-size); letter-spacing: var(--letter-spacing);\">Budu\u0107i da je svrha kola\u010di\u0107a pobolj\u0161anje i omogu\u0107ivanje upotrebe na\u0161ih internetskih stranica i njihovih procesa, imajte na umu da sprje\u010davanjem ili brisanjem kola\u010di\u0107a mo\u017eete onemogu\u0107iti funkcioniranje tih zna\u010dajki ili prouzro\u010diti njihov druga\u010diji rad i izgled u va\u0161em pregledniku.<\/span><\/p><p><span style=\"color: var( --e-global-color-text ); font-family: var( --e-global-typography-text-font-family ), Sans-serif; font-weight: var( --e-global-typography-text-font-weight ); text-align: var(--text-align); font-size: var(--font-size); letter-spacing: var(--letter-spacing);\">Upute za upravljanje kola\u010di\u0107ima za naj\u010de\u0161\u0107e kori\u0161tene internetske preglednike mo\u017eete prona\u0107i na sljede\u0107im stanicama:<\/span><\/p><ul><li><a role=\"link\" href=\"https:\/\/support.google.com\/accounts\/answer\/61416\">Google Chrome<\/a><\/li><li><a role=\"link\" href=\"https:\/\/support.mozilla.org\/en-US\/kb\/enhanced-tracking-protection-firefox-desktop?redirectslug=enable-and-disable-cookies-website-preferences&amp;redirectlocale=en-US\">Mozilla Firefox<\/a><\/li><li><a role=\"link\" href=\"https:\/\/support.apple.com\/guide\/safari\/manage-cookies-and-website-data-sfri11471\/mac\">Apple Safari<\/a><\/li><li><a role=\"link\" href=\"https:\/\/www.opera.com\/help\/tutorials\/security\/privacy\/\">Opera<\/a><\/li><li><a role=\"link\" href=\"https:\/\/support.microsoft.com\/en-us\/help\/4468242\/microsoft-edge-browsing-data-and-privacy\">Microsoft Edge<\/a><\/li><li><a role=\"link\" href=\"https:\/\/support.microsoft.com\/en-us\/help\/17442\/windows-internet-explorer-delete-manage-cookies\">Microsoft Internet Explorer<\/a><\/li><\/ul>\t\t\t\t\t\t\t\t<\/div>\n\t\t\t\t<\/div>\n\t\t\t\t<div class=\"elementor-element elementor-element-41ba2aa elementor-widget elementor-widget-heading\" data-id=\"41ba2aa\" data-element_type=\"widget\" data-widget_type=\"heading.default\">\n\t\t\t\t<div class=\"elementor-widget-container\">\n\t\t\t\t\t<h5 class=\"elementor-heading-title elementor-size-default\">Uvjeti i izmjene<\/h5>\t\t\t\t<\/div>\n\t\t\t\t<\/div>\n\t\t\t\t<div class=\"elementor-element elementor-element-6da8855 elementor-widget elementor-widget-text-editor\" data-id=\"6da8855\" data-element_type=\"widget\" data-widget_type=\"text-editor.default\">\n\t\t\t\t<div class=\"elementor-widget-container\">\n\t\t\t\t\t\t\t\t\tUvjeti ove Izjave o za\u0161titi privatnosti ure\u0111uju upotrebu kola\u010di\u0107a i svih podataka prikupljenih za vrijeme primjenjivanja Izjave, osim kola\u010di\u0107a tre\u0107ih strana. Hrvatski Paraodbojka\u0161ki Savez zadr\u017eava pravo izmjene ove Izjave i pravila o kola\u010di\u0107ima u bilo kojem trenutku kako bi prenio nove va\u017ene informacije te kako biste bili informirani o na\u010dinima na koje Hrvatski Paraodbojka\u0161ki Savez na svojim internetskim stranicama \u0161titi va\u0161e podatke. Shodno tomu, preporu\u010damo da povremeno provjerite a\u017euriranja na ovoj stranici.\t\t\t\t\t\t\t\t<\/div>\n\t\t\t\t<\/div>\n\t\t\t\t<div class=\"elementor-element elementor-element-05873e3 elementor-widget elementor-widget-heading\" data-id=\"05873e3\" data-element_type=\"widget\" data-widget_type=\"heading.default\">\n\t\t\t\t<div class=\"elementor-widget-container\">\n\t\t\t\t\t<h5 class=\"elementor-heading-title elementor-size-default\">Informacije za kontakt<\/h5>\t\t\t\t<\/div>\n\t\t\t\t<\/div>\n\t\t\t\t<div class=\"elementor-element elementor-element-c87c44d elementor-widget elementor-widget-text-editor\" data-id=\"c87c44d\" data-element_type=\"widget\" data-widget_type=\"text-editor.default\">\n\t\t\t\t<div class=\"elementor-widget-container\">\n\t\t\t\t\t\t\t\t\t<p>Hrvatski Paraodbojka\u0161ki Savez \u0107e rado prihvatiti va\u0161e komentare i sugestije u vezi s ovom Izjavom, kao i sve primjedbe. Slobodno nam se obratite na:\u00a0<a role=\"link\" href=\"mailto:croatian.paravolley@gmail.com\">croatian.paravolley@gmail.com<\/a><\/p>\t\t\t\t\t\t\t\t<\/div>\n\t\t\t\t<\/div>\n\t\t\t\t\t<\/div>\n\t\t\t\t<\/div>\n\t\t\t\t<\/div>","protected":false},"excerpt":{"rendered":"<p>IZJAVA O ZA\u0160TITI PRIVATNOSTI NA INTERNETSKIM STRANICAMA HRVATSKI PARAODBOJKA\u0160KI SAVEZ Hrvatski Paraodbojka\u0161ki Savez iz Zagreba, Kralja Dr\u017eislava 6, OIB: 72382180496 po\u0161tuje va\u0161u privatnost i temelji svoje internetske stranice na tehnologijama koje pru\u017eaju bolje i sigurnije mre\u017eno iskustvo. Ova Izjava o za\u0161titi privatnosti odnosi se na prikupljanje i obradu va\u0161ih osobnih podataka te primjenu kola\u010di\u0107a (cookies) [&hellip;]<\/p>","protected":false},"author":1,"featured_media":0,"parent":0,"menu_order":0,"comment_status":"closed","ping_status":"closed","template":"elementor_header_footer","meta":{"footnotes":""},"class_list":["post-4712","page","type-page","status-publish","hentry"],"_links":{"self":[{"href":"https:\/\/www.hpos.domino-dizajn.hr\/en\/wp-json\/wp\/v2\/pages\/4712","targetHints":{"allow":["GET"]}}],"collection":[{"href":"https:\/\/www.hpos.domino-dizajn.hr\/en\/wp-json\/wp\/v2\/pages"}],"about":[{"href":"https:\/\/www.hpos.domino-dizajn.hr\/en\/wp-json\/wp\/v2\/types\/page"}],"author":[{"embeddable":true,"href":"https:\/\/www.hpos.domino-dizajn.hr\/en\/wp-json\/wp\/v2\/users\/1"}],"replies":[{"embeddable":true,"href":"https:\/\/www.hpos.domino-dizajn.hr\/en\/wp-json\/wp\/v2\/comments?post=4712"}],"version-history":[{"count":70,"href":"https:\/\/www.hpos.domino-dizajn.hr\/en\/wp-json\/wp\/v2\/pages\/4712\/revisions"}],"predecessor-version":[{"id":4787,"href":"https:\/\/www.hpos.domino-dizajn.hr\/en\/wp-json\/wp\/v2\/pages\/4712\/revisions\/4787"}],"wp:attachment":[{"href":"https:\/\/www.hpos.domino-dizajn.hr\/en\/wp-json\/wp\/v2\/media?parent=4712"}],"curies":[{"name":"wp","href":"https:\/\/api.w.org\/{rel}","templated":true}]}}